{"id":160,"date":"2021-03-23T18:36:36","date_gmt":"2021-03-23T18:36:36","guid":{"rendered":"https:\/\/www.jaunzageri.lv\/dev\/?page_id=160"},"modified":"2022-07-11T14:38:04","modified_gmt":"2022-07-11T14:38:04","slug":"laivas","status":"publish","type":"page","link":"https:\/\/www.jaunzageri.lv\/?page_id=160","title":{"rendered":"Laivas"},"content":{"rendered":"<p>[et_pb_section fb_built=&#8221;1&#8243; admin_label=&#8221;Header&#8221; _builder_version=&#8221;4.7.4&#8243; use_background_color_gradient=&#8221;on&#8221; background_color_gradient_start=&#8221;rgba(255,255,255,0.89)&#8221; background_color_gradient_end=&#8221;rgba(255,255,255,0)&#8221; background_color_gradient_type=&#8221;radial&#8221; background_color_gradient_direction_radial=&#8221;top left&#8221; background_color_gradient_start_position=&#8221;30%&#8221; background_color_gradient_end_position=&#8221;80%&#8221; background_color_gradient_overlays_image=&#8221;on&#8221; background_image=&#8221;https:\/\/www.jaunzageri.lv\/wp-content\/uploads\/2021\/03\/1CE83666-9700-4F64-B05F-7A5A9367E90F-scaled.jpeg&#8221; background_position=&#8221;bottom_center&#8221; custom_margin=&#8221;|||&#8221; custom_padding=&#8221;8vw||8vw||true&#8221;][et_pb_row _builder_version=&#8221;3.25&#8243;][et_pb_column type=&#8221;4_4&#8243; _builder_version=&#8221;3.25&#8243; custom_padding=&#8221;|||&#8221; custom_padding__hover=&#8221;|||&#8221;][et_pb_text _builder_version=&#8221;4.7.4&#8243; text_font=&#8221;||||||||&#8221; header_font=&#8221;Raleway|700|||||||&#8221; header_font_size=&#8221;80px&#8221; header_line_height=&#8221;1.2em&#8221; header_5_font=&#8221;Raleway|700||on|||||&#8221; header_5_text_color=&#8221;#000000&#8243; header_5_font_size=&#8221;20px&#8221; header_5_letter_spacing=&#8221;0.5em&#8221; header_5_line_height=&#8221;1.8em&#8221; animation_style=&#8221;zoom&#8221; animation_intensity_zoom=&#8221;5%&#8221; header_font_size_tablet=&#8221;48px&#8221; header_font_size_phone=&#8221;32px&#8221; header_font_size_last_edited=&#8221;on|phone&#8221; header_5_font_size_tablet=&#8221;14px&#8221; header_5_font_size_phone=&#8221;12px&#8221; header_5_font_size_last_edited=&#8221;on|desktop&#8221;]<\/p>\n<h1><span style=\"font-size:50px;\">Laivas<\/span><\/h1>\n<p>[\/et_pb_text][\/et_pb_column][\/et_pb_row][\/et_pb_section][et_pb_section fb_built=&#8221;1&#8243; admin_label=&#8221;About&#8221; _builder_version=&#8221;3.22&#8243;][et_pb_row custom_padding_last_edited=&#8221;on|desktop&#8221; _builder_version=&#8221;4.7.4&#8243; custom_padding=&#8221;27px|100px|27px|100px|false|false&#8221; custom_padding_tablet=&#8221;|0px||0px||true&#8221; custom_padding_phone=&#8221;&#8221;][et_pb_column type=&#8221;4_4&#8243; _builder_version=&#8221;3.25&#8243; custom_padding=&#8221;|||&#8221; custom_padding__hover=&#8221;|||&#8221;][et_pb_text _builder_version=&#8221;4.7.4&#8243; text_font=&#8221;|600|||||||&#8221; text_line_height=&#8221;2em&#8221; header_font=&#8221;||||||||&#8221; header_2_font=&#8221;Raleway|700|||||||&#8221; header_2_font_size=&#8221;50px&#8221; header_2_line_height=&#8221;1.2em&#8221; header_6_font=&#8221;Raleway|700||on|||||&#8221; header_6_font_size=&#8221;16px&#8221; header_6_letter_spacing=&#8221;5px&#8221; header_6_line_height=&#8221;1.8em&#8221; text_orientation=&#8221;center&#8221; max_width=&#8221;700px&#8221; max_width_last_edited=&#8221;off|desktop&#8221; module_alignment=&#8221;center&#8221; custom_margin=&#8221;|||91px||&#8221; header_2_font_size_tablet=&#8221;35px&#8221; header_2_font_size_phone=&#8221;25px&#8221; header_2_font_size_last_edited=&#8221;on|phone&#8221;]<\/p>\n<p>&#8220;Gaujas krasti man arami,<br \/> Pati Gauja ec\u0113jam;<br \/> Gaujas krasti zeltu nes,<br \/> Pati Gauja sidrabi\u0146.&#8221;<\/p>\n<p>[\/et_pb_text][et_pb_text _builder_version=&#8221;4.7.4&#8243; text_font=&#8221;|600|||||||&#8221; text_line_height=&#8221;2em&#8221; header_font=&#8221;||||||||&#8221; header_2_font=&#8221;Raleway|700|||||||&#8221; header_2_font_size=&#8221;50px&#8221; header_2_line_height=&#8221;1.2em&#8221; header_6_font=&#8221;Raleway|700||on|||||&#8221; header_6_font_size=&#8221;16px&#8221; header_6_letter_spacing=&#8221;5px&#8221; header_6_line_height=&#8221;1.8em&#8221; max_width=&#8221;700px&#8221; max_width_last_edited=&#8221;off|desktop&#8221; module_alignment=&#8221;center&#8221; custom_margin=&#8221;|||91px||&#8221; header_2_font_size_tablet=&#8221;35px&#8221; header_2_font_size_phone=&#8221;25px&#8221; header_2_font_size_last_edited=&#8221;on|phone&#8221;]<\/p>\n<p><span style=\"font-size: 14px;\">Aizraujo\u0161s ce\u013cojums ar laivu pa Gaujas nacion\u0101lo parku \u013caus atkl\u0101t Gaujas gleznaino ainavu jebkur\u0101 gadalaik\u0101.<\/span><\/p>\n<p>M\u0113s pied\u0101v\u0101jam Jums kanoe un kajaku laivu nomu ar laivo\u0161anai nepiecie\u0161amo invent\u0101ru J\u016bsu izv\u0113l\u0113tos mar\u0161rutos. Pirms laivu brauciena iepriek\u0161 saska\u0146osim kur un cikos p\u0113c Jums ierad\u012bsies m\u016bsu busi\u0146\u0161 un nog\u0101d\u0101s J\u016bs laivo\u0161anas s\u0101kumpunkt\u0101.<\/p>\n<p>Laivo\u0161anas sezona ilgst piecus m\u0113ne\u0161us, no maija l\u012bdz septembrim. Protams, visbie\u017e\u0101k laivot\u0101ji izv\u0113las vasaras m\u0113ne\u0161us, kad ar\u012b \u016bdens Gauj\u0101 ir iesilis, bet tik pat skaisti laivot ir agr\u0101 pavasar\u012b un ruden\u012b, kad v\u0113rojama ir gleznaini skaist\u0101 Sigulda.<\/p>\n<p>[\/et_pb_text][\/et_pb_column][\/et_pb_row][et_pb_row _builder_version=&#8221;4.7.4&#8243; _module_preset=&#8221;default&#8221;][et_pb_column type=&#8221;4_4&#8243; _builder_version=&#8221;4.7.4&#8243; _module_preset=&#8221;default&#8221;][et_pb_blurb title=&#8221;Popul\u0101r\u0101kie laivo\u0161anas mar\u0161ruti, ko izv\u0113las kanoe (2-3 vietas) vai kajaku (2 vietas) laivot\u0101ji:&#8221; content_max_width=&#8221;1100px&#8221; _builder_version=&#8221;4.7.4&#8243; header_level=&#8221;h5&#8243; header_font=&#8221;Raleway|700|||||||&#8221; header_text_align=&#8221;center&#8221; header_font_size=&#8221;22px&#8221; header_line_height=&#8221;1.2em&#8221; body_font=&#8221;||||||||&#8221; body_line_height=&#8221;2em&#8221;][\/et_pb_blurb][et_pb_pricing_tables featured_table_header_background_color=&#8221;#000000&#8243; featured_table_header_text_color=&#8221;#000000&#8243; show_featured_drop_shadow_last_edited=&#8221;off|desktop&#8221; _builder_version=&#8221;4.7.4&#8243; _module_preset=&#8221;default&#8221; header_font_size=&#8221;20px&#8221; hover_enabled=&#8221;0&#8243; sticky_enabled=&#8221;0&#8243;][et_pb_pricing_table title=&#8221;Jaunz\u0101\u0123eri &#8211; Sigulda&#8221; currency=&#8221;\u20ac&#8221; sum=&#8221;50&#8243; bullet_color=&#8221;#000000&#8243; _builder_version=&#8221;4.7.4&#8243; _module_preset=&#8221;default&#8221; price_text_color=&#8221;#808080&#8243; header_font=&#8221;|600|||||||&#8221; body_font=&#8221;|600|||||||&#8221; body_font_size=&#8221;20px&#8221; body_line_height=&#8221;1em&#8221; price_font=&#8221;|600|||||||&#8221; price_font_size=&#8221;69px&#8221; hover_enabled=&#8221;0&#8243; sticky_transition=&#8221;on&#8221; sticky_enabled=&#8221;0&#8243;]<\/p>\n<p>+ 10 Km<\/p>\n<p>+ 2-3 h<\/p>\n<p>+ 1 diena<\/p>\n<p>[\/et_pb_pricing_table][et_pb_pricing_table title=&#8221;L\u012bgatne &#8211; Jaunz\u0101\u0123eri&#8221; currency=&#8221;\u20ac&#8221; sum=&#8221;60&#8243; bullet_color=&#8221;#000000&#8243; _builder_version=&#8221;4.7.4&#8243; _module_preset=&#8221;default&#8221; price_text_color=&#8221;#808080&#8243; header_font=&#8221;|600|||||||&#8221; body_font=&#8221;|600|||||||&#8221; body_font_size=&#8221;20px&#8221; body_line_height=&#8221;1em&#8221; price_font=&#8221;|600|||||||&#8221; price_font_size=&#8221;69px&#8221; sticky_transition=&#8221;on&#8221;]<\/p>\n<p>+ 15 Km<\/p>\n<p>+ 3-4 h<\/p>\n<p>+ 1 diena<\/p>\n<p>[\/et_pb_pricing_table][et_pb_pricing_table title=&#8221;L\u012bgatne &#8211; Sigulda&#8221; currency=&#8221;\u20ac&#8221; sum=&#8221;60&#8243; bullet_color=&#8221;#000000&#8243; _builder_version=&#8221;4.7.4&#8243; _module_preset=&#8221;default&#8221; price_text_color=&#8221;#808080&#8243; header_font=&#8221;|600|||||||&#8221; body_font=&#8221;|600|||||||&#8221; body_font_size=&#8221;20px&#8221; body_line_height=&#8221;1em&#8221; price_font=&#8221;|600|||||||&#8221; price_font_size=&#8221;69px&#8221; sticky_transition=&#8221;on&#8221;]<\/p>\n<p>+ 25 Km<\/p>\n<p>+ 5-7 h<\/p>\n<p>+ 1 diena<\/p>\n<p>[\/et_pb_pricing_table][et_pb_pricing_table title=&#8221;Jaunz\u0101\u0123eri &#8211; Murj\u0101\u0146i&#8221; currency=&#8221;\u20ac&#8221; sum=&#8221;60&#8243; bullet_color=&#8221;#000000&#8243; _builder_version=&#8221;4.7.4&#8243; _module_preset=&#8221;default&#8221; price_text_color=&#8221;#808080&#8243; header_font=&#8221;|600|||||||&#8221; body_font=&#8221;|600|||||||&#8221; body_font_size=&#8221;20px&#8221; body_line_height=&#8221;1em&#8221; price_font=&#8221;|600|||||||&#8221; price_font_size=&#8221;69px&#8221; sticky_transition=&#8221;on&#8221;]<\/p>\n<p>+ 27 Km<\/p>\n<p>+ 6-8 h<\/p>\n<p>+ 1 diena<\/p>\n<p>[\/et_pb_pricing_table][et_pb_pricing_table title=&#8221;C\u0113sis &#8211; Jaunz\u0101\u0123eri&#8221; currency=&#8221;\u20ac&#8221; sum=&#8221;60&#8243; bullet_color=&#8221;#000000&#8243; _builder_version=&#8221;4.7.4&#8243; _module_preset=&#8221;default&#8221; price_text_color=&#8221;#808080&#8243; header_font=&#8221;|600|||||||&#8221; body_font=&#8221;|600|||||||&#8221; body_font_size=&#8221;20px&#8221; body_line_height=&#8221;1em&#8221; price_font=&#8221;|600|||||||&#8221; price_font_size=&#8221;69px&#8221; sticky_transition=&#8221;on&#8221;]<\/p>\n<p>+ 30 Km<\/p>\n<p>+ 6-8 h<\/p>\n<p>+ 1 diena<\/p>\n<p>[\/et_pb_pricing_table][et_pb_pricing_table title=&#8221;Braslas tilts &#8211; Jaunz\u0101\u0123eri&#8221; currency=&#8221;\u20ac&#8221; sum=&#8221;60&#8243; bullet_color=&#8221;#000000&#8243; _builder_version=&#8221;4.7.4&#8243; _module_preset=&#8221;default&#8221; price_text_color=&#8221;#808080&#8243; header_font=&#8221;|600|||||||&#8221; body_font=&#8221;|600|||||||&#8221; body_font_size=&#8221;20px&#8221; body_line_height=&#8221;1em&#8221; price_font=&#8221;|600|||||||&#8221; price_font_size=&#8221;69px&#8221; sticky_transition=&#8221;on&#8221;]<\/p>\n<p>+ 15 Km<\/p>\n<p>+ 4-5 h<\/p>\n<p>+ 1 diena<\/p>\n<p>[\/et_pb_pricing_table][et_pb_pricing_table title=&#8221;C\u0113sis &#8211; Sigulda&#8221; currency=&#8221;\u20ac&#8221; sum=&#8221;70&#8243; bullet_color=&#8221;#000000&#8243; _builder_version=&#8221;4.7.4&#8243; _module_preset=&#8221;default&#8221; price_text_color=&#8221;#808080&#8243; header_font=&#8221;|600|||||||&#8221; body_font=&#8221;|600|||||||&#8221; body_font_size=&#8221;20px&#8221; body_line_height=&#8221;2.31em&#8221; price_font=&#8221;|600|||||||&#8221; price_font_size=&#8221;69px&#8221; sticky_transition=&#8221;on&#8221;]<\/p>\n<p>+ 60 Km<\/p>\n<p>+ 2 dienas<\/p>\n<p>[\/et_pb_pricing_table][et_pb_pricing_table title=&#8221;Braslas tilts &#8211; Sigulda&#8221; currency=&#8221;\u20ac&#8221; sum=&#8221;70&#8243; bullet_color=&#8221;#000000&#8243; _builder_version=&#8221;4.7.4&#8243; _module_preset=&#8221;default&#8221; price_text_color=&#8221;#808080&#8243; header_font=&#8221;|600|||||||&#8221; body_font=&#8221;|600|||||||&#8221; body_font_size=&#8221;20px&#8221; body_line_height=&#8221;2.31em&#8221; price_font=&#8221;|600|||||||&#8221; price_font_size=&#8221;69px&#8221; sticky_transition=&#8221;on&#8221;]<\/p>\n<p>+ 30 Km<\/p>\n<p>+ 2 dienas<\/p>\n<p>[\/et_pb_pricing_table][et_pb_pricing_table title=&#8221;Valmiera &#8211; Jaunz\u0101\u0123eri&#8221; currency=&#8221;\u20ac&#8221; sum=&#8221;80&#8243; bullet_color=&#8221;#000000&#8243; _builder_version=&#8221;4.7.4&#8243; _module_preset=&#8221;default&#8221; price_text_color=&#8221;#808080&#8243; header_font=&#8221;|600|||||||&#8221; body_font=&#8221;|600|||||||&#8221; body_font_size=&#8221;20px&#8221; body_line_height=&#8221;2.31em&#8221; price_font=&#8221;|600|||||||&#8221; price_font_size=&#8221;69px&#8221; sticky_transition=&#8221;on&#8221;]<\/p>\n<p>+ 75 Km<\/p>\n<p>+ 3 dienas<\/p>\n<p>[\/et_pb_pricing_table][\/et_pb_pricing_tables][\/et_pb_column][\/et_pb_row][et_pb_row _builder_version=&#8221;4.7.4&#8243; _module_preset=&#8221;default&#8221; min_height=&#8221;53.2px&#8221;][et_pb_column type=&#8221;4_4&#8243; _builder_version=&#8221;4.7.4&#8243; _module_preset=&#8221;default&#8221;][et_pb_text _builder_version=&#8221;4.7.4&#8243; _module_preset=&#8221;default&#8221;]<em>Cena ir nor\u0101d\u012bta par laivu un invent\u0101ru. Veicot rezerv\u0101ciju par laiv\u0101m, nepiecie\u0161ama <b>50 %<\/b> priek\u0161apmaksa. <\/em>[\/et_pb_text][\/et_pb_column][\/et_pb_row][et_pb_row column_structure=&#8221;1_2,1_2&#8243; _builder_version=&#8221;4.7.4&#8243; custom_margin=&#8221;||||false|false&#8221; custom_padding=&#8221;60px|||&#8221; border_color_all=&#8221;#f5f5f5&#8243; border_width_top=&#8221;2px&#8221; locked=&#8221;off&#8221;][et_pb_column type=&#8221;1_2&#8243; _builder_version=&#8221;3.25&#8243; custom_padding=&#8221;|||&#8221; custom_padding__hover=&#8221;|||&#8221;][et_pb_blurb title=&#8221;Transports:&#8221; _builder_version=&#8221;4.7.4&#8243; header_level=&#8221;h5&#8243; header_font=&#8221;Raleway|700|||||||&#8221; header_font_size=&#8221;20px&#8221; header_line_height=&#8221;1.2em&#8221; body_font=&#8221;||||||||&#8221; body_line_height=&#8221;2em&#8221; custom_margin=&#8221;||10px|&#8221;]Ja tiek iz\u012br\u0113ta viena laiva (2 cilv\u0113ki), tad papildus transporta izdevumi 10 EUR.<br \/>\nJa grupa p\u0101rsniedz 10 cilv\u0113kus, tad nepiecie\u0161ams veikt papildus transporta rezerv\u0113\u0161anu, kura izmaksas ir 150 EUR (16 vietu autobuss).<b><br \/>\nIzbrauk\u0161anas laiks iepriek\u0161 j\u0101saska\u0146o pa t\u0101lruni <a href=\"tel:+37122002033\">+371 220 020 33<\/a><\/b>[\/et_pb_blurb][\/et_pb_column][et_pb_column type=&#8221;1_2&#8243; _builder_version=&#8221;3.25&#8243; custom_padding=&#8221;|||&#8221; custom_padding__hover=&#8221;|||&#8221;][et_pb_blurb title=&#8221;Invent\u0101rs:&#8221; _builder_version=&#8221;4.7.4&#8243; header_level=&#8221;h5&#8243; header_font=&#8221;Raleway|700|||||||&#8221; header_font_size=&#8221;20px&#8221; header_line_height=&#8221;1.2em&#8221; body_font=&#8221;||||||||&#8221; body_line_height=&#8221;2em&#8221; custom_margin=&#8221;||10px|&#8221;]<\/p>\n<p>Mums r\u016bp J\u016bsu dro\u0161\u012bba, t\u0101d\u0113\u013c gl\u0101b\u0161anas vestes dodam bezmaksas. Papildus \u016bdens necaurlaid\u012bg\u0101 maisa \u012bre (20 litri) <b>3 EUR<\/b>.<\/p>\n<p>[\/et_pb_blurb][\/et_pb_column][\/et_pb_row][et_pb_row _builder_version=&#8221;4.7.4&#8243; _module_preset=&#8221;default&#8221;][et_pb_column type=&#8221;4_4&#8243; _builder_version=&#8221;4.7.4&#8243; _module_preset=&#8221;default&#8221;][et_pb_text _builder_version=&#8221;4.7.4&#8243; _module_preset=&#8221;default&#8221;]<em>S\u012bk\u0101ku inform\u0101ciju par laivu nomu un laivu braucienu rezerv\u0101ciju un mar\u0161rutiem l\u016bdzam veikt pa t\u0101lruni <a href=\"tel:+37122002033\"><b>+371 22002033<\/b><\/a> vai rakstot uz e-pastu <a href=\"mailto:info@jaunzageri.lv\"><b>info@jaunzageri.lv.<\/b><\/a><\/em>[\/et_pb_text][\/et_pb_column][\/et_pb_row][\/et_pb_section][et_pb_section fb_built=&#8221;1&#8243; admin_label=&#8221;Contact&#8221; _builder_version=&#8221;4.7.4&#8243; background_color=&#8221;#b2b9c4&#8243; use_background_color_gradient=&#8221;on&#8221; background_color_gradient_start=&#8221;rgba(255,255,255,0.56)&#8221; background_color_gradient_end=&#8221;rgba(178,185,196,0.98)&#8221; background_color_gradient_type=&#8221;radial&#8221; background_color_gradient_direction_radial=&#8221;top right&#8221; background_color_gradient_end_position=&#8221;77%&#8221; background_color_gradient_overlays_image=&#8221;on&#8221; background_image=&#8221;https:\/\/www.jaunzageri.lv\/wp-content\/uploads\/2021\/03\/IMG_9009-1-1-scaled.jpg&#8221; custom_padding=&#8221;8vw|0px|8vw|0px|true|false&#8221; locked=&#8221;off&#8221;][et_pb_row _builder_version=&#8221;3.25&#8243; custom_margin=&#8221;|||&#8221;][et_pb_column type=&#8221;4_4&#8243; _builder_version=&#8221;3.25&#8243; custom_padding=&#8221;|||&#8221; custom_padding__hover=&#8221;|||&#8221;][et_pb_text _builder_version=&#8221;4.7.4&#8243; text_font=&#8221;||||||||&#8221; text_font_size=&#8221;16px&#8221; text_line_height=&#8221;2em&#8221; header_font=&#8221;||||||||&#8221; header_2_font=&#8221;Raleway|700|||||||&#8221; header_2_font_size=&#8221;50px&#8221; header_2_line_height=&#8221;1.2em&#8221; header_6_font=&#8221;Raleway|700||on|||||&#8221; header_6_font_size=&#8221;16px&#8221; header_6_letter_spacing=&#8221;5px&#8221; header_6_line_height=&#8221;1.8em&#8221; background_layout=&#8221;dark&#8221; max_width_tablet=&#8221;&#8221; max_width_phone=&#8221;&#8221; max_width_last_edited=&#8221;on|desktop&#8221; header_2_font_size_tablet=&#8221;35px&#8221; header_2_font_size_phone=&#8221;25px&#8221; header_2_font_size_last_edited=&#8221;on|phone&#8221;]<\/p>\n<h6>VIETA, KUR SAPL\u016aST CILV\u0112KS UN DABA!<\/h6>\n<h2>Jaunz\u0101\u0123eri<\/h2>\n<p>[\/et_pb_text][et_pb_button button_url=&#8221;?page_id=88&#8243; button_text=&#8221;Rezerv\u0113t&#8221; button_alignment=&#8221;center&#8221; _builder_version=&#8221;4.7.4&#8243; custom_button=&#8221;on&#8221; button_text_color=&#8221;#828c91&#8243; button_bg_color=&#8221;#ffffff&#8221; button_border_width=&#8221;10px&#8221; button_border_color=&#8221;rgba(0,0,0,0)&#8221; button_border_radius=&#8221;0px&#8221; button_font=&#8221;Raleway|700|||||||&#8221; button_border_radius_hover=&#8221;0px&#8221; locked=&#8221;off&#8221; button_text_size__hover_enabled=&#8221;off&#8221; button_one_text_size__hover_enabled=&#8221;off&#8221; button_two_text_size__hover_enabled=&#8221;off&#8221; button_text_color__hover_enabled=&#8221;off&#8221; button_one_text_color__hover_enabled=&#8221;off&#8221; button_two_text_color__hover_enabled=&#8221;off&#8221; button_border_width__hover_enabled=&#8221;off&#8221; button_one_border_width__hover_enabled=&#8221;off&#8221; button_two_border_width__hover_enabled=&#8221;off&#8221; button_border_color__hover_enabled=&#8221;off&#8221; button_one_border_color__hover_enabled=&#8221;off&#8221; button_two_border_color__hover_enabled=&#8221;off&#8221; button_border_radius__hover_enabled=&#8221;on&#8221; button_border_radius__hover=&#8221;0px&#8221; button_one_border_radius__hover_enabled=&#8221;off&#8221; button_two_border_radius__hover_enabled=&#8221;off&#8221; button_letter_spacing__hover_enabled=&#8221;off&#8221; button_one_letter_spacing__hover_enabled=&#8221;off&#8221; button_two_letter_spacing__hover_enabled=&#8221;off&#8221; button_bg_color__hover_enabled=&#8221;off&#8221; button_one_bg_color__hover_enabled=&#8221;off&#8221; button_two_bg_color__hover_enabled=&#8221;off&#8221;][\/et_pb_button][\/et_pb_column][\/et_pb_row][\/et_pb_section]<\/p>\n","protected":false},"excerpt":{"rendered":"<p>[et_pb_section fb_built=&#8221;1&#8243; admin_label=&#8221;Header&#8221; _builder_version=&#8221;4.7.4&#8243; use_background_color_gradient=&#8221;on&#8221; background_color_gradient_start=&#8221;rgba(255,255,255,0.89)&#8221; background_color_gradient_end=&#8221;rgba(255,255,255,0)&#8221; background_color_gradient_type=&#8221;radial&#8221; background_color_gradient_direction_radial=&#8221;top left&#8221; background_color_gradient_start_position=&#8221;30%&#8221; background_color_gradient_end_position=&#8221;80%&#8221; background_color_gradient_overlays_image=&#8221;on&#8221; background_image=&#8221;https:\/\/www.jaunzageri.lv\/wp-content\/uploads\/2021\/03\/1CE83666-9700-4F64-B05F-7A5A9367E90F-scaled.jpeg&#8221; background_position=&#8221;bottom_center&#8221; custom_margin=&#8221;|||&#8221; custom_padding=&#8221;8vw||8vw||true&#8221;][et_pb_row _builder_version=&#8221;3.25&#8243;][et_pb_column type=&#8221;4_4&#8243; _builder_version=&#8221;3.25&#8243; custom_padding=&#8221;|||&#8221; custom_padding__hover=&#8221;|||&#8221;][et_pb_text _builder_version=&#8221;4.7.4&#8243; text_font=&#8221;||||||||&#8221; header_font=&#8221;Raleway|700|||||||&#8221; header_font_size=&#8221;80px&#8221; header_line_height=&#8221;1.2em&#8221; header_5_font=&#8221;Raleway|700||on|||||&#8221; header_5_text_color=&#8221;#000000&#8243; header_5_font_size=&#8221;20px&#8221; header_5_letter_spacing=&#8221;0.5em&#8221; header_5_line_height=&#8221;1.8em&#8221; animation_style=&#8221;zoom&#8221; animation_intensity_zoom=&#8221;5%&#8221; header_font_size_tablet=&#8221;48px&#8221; header_font_size_phone=&#8221;32px&#8221; header_font_size_last_edited=&#8221;on|phone&#8221; header_5_font_size_tablet=&#8221;14px&#8221; header_5_font_size_phone=&#8221;12px&#8221; header_5_font_size_last_edited=&#8221;on|desktop&#8221;] Laivas [\/et_pb_text][\/et_pb_column][\/et_pb_row][\/et_pb_section][et_pb_section fb_built=&#8221;1&#8243; admin_label=&#8221;About&#8221; _builder_version=&#8221;3.22&#8243;][et_pb_row custom_padding_last_edited=&#8221;on|desktop&#8221; _builder_version=&#8221;4.7.4&#8243; custom_padding=&#8221;27px|100px|27px|100px|false|false&#8221; custom_padding_tablet=&#8221;|0px||0px||true&#8221; custom_padding_phone=&#8221;&#8221;][et_pb_column type=&#8221;4_4&#8243; _builder_version=&#8221;3.25&#8243; custom_padding=&#8221;|||&#8221; custom_padding__hover=&#8221;|||&#8221;][et_pb_text _builder_version=&#8221;4.7.4&#8243; [&hellip;]<\/p>\n","protected":false},"author":1,"featured_media":0,"parent":0,"menu_order":0,"comment_status":"closed","ping_status":"closed","template":"","meta":{"_et_pb_use_builder":"on","_et_pb_old_content":"<!-- wp:divi\/placeholder \/-->","_et_gb_content_width":"","footnotes":""},"_links":{"self":[{"href":"https:\/\/www.jaunzageri.lv\/index.php?rest_route=\/wp\/v2\/pages\/160"}],"collection":[{"href":"https:\/\/www.jaunzageri.lv\/index.php?rest_route=\/wp\/v2\/pages"}],"about":[{"href":"https:\/\/www.jaunzageri.lv\/index.php?rest_route=\/wp\/v2\/types\/page"}],"author":[{"embeddable":true,"href":"https:\/\/www.jaunzageri.lv\/index.php?rest_route=\/wp\/v2\/users\/1"}],"replies":[{"embeddable":true,"href":"https:\/\/www.jaunzageri.lv\/index.php?rest_route=%2Fwp%2Fv2%2Fcomments&post=160"}],"version-history":[{"count":22,"href":"https:\/\/www.jaunzageri.lv\/index.php?rest_route=\/wp\/v2\/pages\/160\/revisions"}],"predecessor-version":[{"id":723,"href":"https:\/\/www.jaunzageri.lv\/index.php?rest_route=\/wp\/v2\/pages\/160\/revisions\/723"}],"wp:attachment":[{"href":"https:\/\/www.jaunzageri.lv\/index.php?rest_route=%2Fwp%2Fv2%2Fmedia&parent=160"}],"curies":[{"name":"wp","href":"https:\/\/api.w.org\/{rel}","templated":true}]}}