{"id":189,"date":"2021-03-25T19:23:36","date_gmt":"2021-03-25T19:23:36","guid":{"rendered":"https:\/\/www.jaunzageri.lv\/dev\/?page_id=189"},"modified":"2022-07-11T14:42:47","modified_gmt":"2022-07-11T14:42:47","slug":"sup-deli","status":"publish","type":"page","link":"https:\/\/www.jaunzageri.lv\/?page_id=189","title":{"rendered":"SUP d\u0113\u013ci"},"content":{"rendered":"<p>[et_pb_section fb_built=&#8221;1&#8243; admin_label=&#8221;Header&#8221; _builder_version=&#8221;4.7.4&#8243; use_background_color_gradient=&#8221;on&#8221; background_color_gradient_start=&#8221;rgba(255,255,255,0.89)&#8221; background_color_gradient_end=&#8221;rgba(255,255,255,0)&#8221; background_color_gradient_type=&#8221;radial&#8221; background_color_gradient_direction_radial=&#8221;top left&#8221; background_color_gradient_start_position=&#8221;30%&#8221; background_color_gradient_end_position=&#8221;80%&#8221; background_color_gradient_overlays_image=&#8221;on&#8221; background_image=&#8221;https:\/\/www.jaunzageri.lv\/wp-content\/uploads\/2021\/07\/20200805_072244_Original-scaled.jpeg&#8221; custom_margin=&#8221;|||&#8221; custom_padding=&#8221;8vw||8vw||true&#8221;][et_pb_row _builder_version=&#8221;3.25&#8243;][et_pb_column type=&#8221;4_4&#8243; _builder_version=&#8221;3.25&#8243; custom_padding=&#8221;|||&#8221; custom_padding__hover=&#8221;|||&#8221;][et_pb_text _builder_version=&#8221;4.7.4&#8243; text_font=&#8221;||||||||&#8221; header_font=&#8221;Raleway|700|||||||&#8221; header_font_size=&#8221;80px&#8221; header_line_height=&#8221;1.2em&#8221; header_5_font=&#8221;Raleway|700||on|||||&#8221; header_5_text_color=&#8221;#000000&#8243; header_5_font_size=&#8221;20px&#8221; header_5_letter_spacing=&#8221;0.5em&#8221; header_5_line_height=&#8221;1.8em&#8221; animation_style=&#8221;zoom&#8221; animation_intensity_zoom=&#8221;5%&#8221; header_font_size_tablet=&#8221;48px&#8221; header_font_size_phone=&#8221;32px&#8221; header_font_size_last_edited=&#8221;on|phone&#8221; header_5_font_size_tablet=&#8221;14px&#8221; header_5_font_size_phone=&#8221;12px&#8221; header_5_font_size_last_edited=&#8221;on|desktop&#8221;]<\/p>\n<h1><span style=\"font-size:50px;\">SUP d\u0113\u013ci<\/span><\/h1>\n<p>[\/et_pb_text][\/et_pb_column][\/et_pb_row][\/et_pb_section][et_pb_section fb_built=&#8221;1&#8243; admin_label=&#8221;About&#8221; _builder_version=&#8221;3.22&#8243;][et_pb_row custom_padding_last_edited=&#8221;on|desktop&#8221; _builder_version=&#8221;4.7.4&#8243; custom_padding=&#8221;27px|100px|27px|100px|false|false&#8221; custom_padding_tablet=&#8221;|0px||0px||true&#8221; custom_padding_phone=&#8221;&#8221;][et_pb_column type=&#8221;4_4&#8243; _builder_version=&#8221;3.25&#8243; custom_padding=&#8221;|||&#8221; custom_padding__hover=&#8221;|||&#8221;][et_pb_text _builder_version=&#8221;4.7.4&#8243; text_font=&#8221;|600|||||||&#8221; text_line_height=&#8221;2em&#8221; header_font=&#8221;||||||||&#8221; header_2_font=&#8221;Raleway|700|||||||&#8221; header_2_font_size=&#8221;50px&#8221; header_2_line_height=&#8221;1.2em&#8221; header_6_font=&#8221;Raleway|700||on|||||&#8221; header_6_font_size=&#8221;16px&#8221; header_6_letter_spacing=&#8221;5px&#8221; header_6_line_height=&#8221;1.8em&#8221; max_width_last_edited=&#8221;off|desktop&#8221; module_alignment=&#8221;center&#8221; custom_margin=&#8221;|||91px||&#8221; header_2_font_size_tablet=&#8221;35px&#8221; header_2_font_size_phone=&#8221;25px&#8221; header_2_font_size_last_edited=&#8221;on|phone&#8221;]<\/p>\n<p>Jaunz\u0101\u0123eru \u016bdens transportu kl\u0101stu papildina popul\u0101rie SUP d\u0113\u013ci. Kas tad \u012bsti tie ir un p\u0113c k\u0101diem krit\u0113rijiem ir j\u0101piev\u0113r\u0161 uzman\u012bba, izv\u0113loties SUP d\u0113\u013ca piedz\u012bvojumu. SUP sa\u012bsin\u0101jums no ang\u013cu valodas noz\u012bm\u0113 <b>stand up paddle boarding<\/b>, t\u0101tad <b>&#8220;k\u0101j\u0101s st\u0101vo\u0161s d\u0113lis&#8221;<\/b>, kuru cilv\u0113ks dzen uz priek\u0161u ar airu pal\u012bdz\u012bbu. Ar SUP d\u0113li var ce\u013cot pa up\u0113m, ezeriem, nodarboties ar sportisk\u0101m aktivit\u0101t\u0113m un ne tikai, to var izmantot k\u0101 platformu mak\u0161\u0137er\u0113\u0161anai vai uzl\u0101d\u0113t sevi ar tik nepiecie\u0161amo D vitam\u012bnu. D\u0113\u013ca platums \u013cauj spriest par t\u0101 stabilit\u0101ti, savuk\u0101rt tilpums par nest sp\u0113ju, kas ir svar\u012bgs r\u0101d\u012bt\u0101js smag\u0101kiem pasa\u017eieriem. Pieaugu\u0161am cilv\u0113kam, kuram nav iema\u0146u supo\u0161an\u0101, ieteicamais d\u0113\u013ca tilpums b\u016btu vismaz pa\u0161a brauc\u0113ja svars reizin\u0101ts ar divi. Savuk\u0101rt minim\u0101lais ieteicamais platums 31\u2033 colla vai aptuveni 78 cm.<\/p>\n<p>[\/et_pb_text][et_pb_text _builder_version=&#8221;4.7.4&#8243; text_font=&#8221;|600|||||||&#8221; text_line_height=&#8221;2em&#8221; header_font=&#8221;||||||||&#8221; header_2_font=&#8221;Raleway|700|||||||&#8221; header_2_font_size=&#8221;50px&#8221; header_2_line_height=&#8221;1.2em&#8221; header_6_font=&#8221;Raleway|700||on|||||&#8221; header_6_font_size=&#8221;16px&#8221; header_6_letter_spacing=&#8221;5px&#8221; header_6_line_height=&#8221;1.8em&#8221; max_width_last_edited=&#8221;off|desktop&#8221; module_alignment=&#8221;center&#8221; custom_margin=&#8221;|||91px||&#8221; header_2_font_size_tablet=&#8221;35px&#8221; header_2_font_size_phone=&#8221;25px&#8221; header_2_font_size_last_edited=&#8221;on|phone&#8221;]<\/p>\n<p><b>Pied\u0101v\u0101jam \u012brei LOKKI piep\u016b\u0161amos SUP d\u0113\u013cus, kas ir apr\u012bkoti ar nepiecie\u0161amo invent\u0101ru &#8211; spuru, augstspiediena pumpi, pavadu, airus, gl\u0101b\u0161anas vesti un mugursomu, lai \u0113rti var\u0113tu uzs\u0101kt M\u016bsu izstr\u0101d\u0101tos ce\u013cojumus.<\/b><\/p>\n<p>[\/et_pb_text][et_pb_text _builder_version=&#8221;4.7.4&#8243; text_font=&#8221;|600|||||||&#8221; text_line_height=&#8221;2em&#8221; header_font=&#8221;||||||||&#8221; header_2_font=&#8221;Raleway|700|||||||&#8221; header_2_font_size=&#8221;50px&#8221; header_2_line_height=&#8221;1.2em&#8221; header_6_font=&#8221;Raleway|700||on|||||&#8221; header_6_font_size=&#8221;16px&#8221; header_6_letter_spacing=&#8221;5px&#8221; header_6_line_height=&#8221;1.8em&#8221; max_width_last_edited=&#8221;off|desktop&#8221; module_alignment=&#8221;center&#8221; custom_margin=&#8221;|||91px||&#8221; header_2_font_size_tablet=&#8221;35px&#8221; header_2_font_size_phone=&#8221;25px&#8221; header_2_font_size_last_edited=&#8221;on|phone&#8221;]<\/p>\n<p>Lokki SUP d\u0113\u013ca parametri: 10,6 &#8211; 10,0, 33 collas platums. Celtspeja l\u012bdz 110 kg. D\u0113\u013ci ir izgatavoti no speci\u0101la \u013coti iztur\u012bga PVC auduma.<br \/>\nD\u0113\u013ci paredz\u0113ti gan ies\u0101c\u0113jiem, gan jau pieredz\u0113ju\u0161iem SUP ce\u013cot\u0101jiem.<\/p>\n<p>D\u0113\u013cus var uzpump\u0113t l\u012bdz vismaz 14-15 psi spiedienam (sal\u012bdzin\u0101jumam \u2013 auto riep\u0101s parasti ir ap 2 atmosf\u0113r\u0101m). Pie \u0161\u0101da spiediena d\u0113\u013ci k\u013c\u016bst \u013coti cieti, tie nev\u0113rpj\u0101s. ne\u013curk\u0101j\u0101s, tiem neizce\u013cas no \u016bdens abi gali, kad brauc\u0113js nost\u0101jas uz d\u0113\u013ca. Un gaitas \u012bpa\u0161\u012bbas k\u013c\u016bst l\u012bdz\u012bgas cieto d\u0113\u013cu gaitai.<\/p>\n<p>Gaidam klientus &#8211; ies\u0101c\u0113jus, gr\u016btnieces, su\u0146u m\u012b\u013cus, br\u012bvdom\u0101t\u0101jus.<\/p>\n<p>[\/et_pb_text][\/et_pb_column][\/et_pb_row][et_pb_row _builder_version=&#8221;4.7.4&#8243; _module_preset=&#8221;default&#8221;][et_pb_column type=&#8221;4_4&#8243; _builder_version=&#8221;4.7.4&#8243; _module_preset=&#8221;default&#8221;][et_pb_blurb title=&#8221; Pied\u0101v\u0101sim ikvienam atbilsto\u0161u SUP piedz\u012bvojumu pa up\u0113m Gauja un Brasla: &#8221; content_max_width=&#8221;1100px&#8221; _builder_version=&#8221;4.7.4&#8243; header_level=&#8221;h5&#8243; header_font=&#8221;Raleway|700|||||||&#8221; header_text_align=&#8221;center&#8221; header_font_size=&#8221;22px&#8221; header_line_height=&#8221;1.2em&#8221; body_font=&#8221;||||||||&#8221; body_line_height=&#8221;2em&#8221;][\/et_pb_blurb][et_pb_pricing_tables featured_table_header_background_color=&#8221;#000000&#8243; featured_table_header_text_color=&#8221;#000000&#8243; show_featured_drop_shadow_last_edited=&#8221;off|desktop&#8221; _builder_version=&#8221;4.7.4&#8243; _module_preset=&#8221;default&#8221; header_font_size=&#8221;18px&#8221;][et_pb_pricing_table title=&#8221;Jaunz\u0101\u0123eri &#8211; Sigulda&#8221; currency=&#8221;\u20ac&#8221; sum=&#8221;25&#8243; bullet_color=&#8221;#000000&#8243; _builder_version=&#8221;4.7.4&#8243; _module_preset=&#8221;default&#8221; price_text_color=&#8221;#808080&#8243; header_font=&#8221;|600|||||||&#8221; body_font=&#8221;|600|||||||&#8221; body_font_size=&#8221;20px&#8221; body_line_height=&#8221;1em&#8221; price_font=&#8221;|600|||||||&#8221; price_font_size=&#8221;69px&#8221; sticky_transition=&#8221;on&#8221;]<\/p>\n<p>+ 10 Km<\/p>\n<p>+ 2-3 h<\/p>\n<p>+ 1 diena<\/p>\n<p>[\/et_pb_pricing_table][et_pb_pricing_table title=&#8221;L\u012bgatne &#8211; Jaunz\u0101\u0123eri&#8221; currency=&#8221;\u20ac&#8221; sum=&#8221;30&#8243; bullet_color=&#8221;#000000&#8243; _builder_version=&#8221;4.7.4&#8243; _module_preset=&#8221;default&#8221; price_text_color=&#8221;#808080&#8243; header_font=&#8221;|600|||||||&#8221; body_font=&#8221;|600|||||||&#8221; body_font_size=&#8221;20px&#8221; body_line_height=&#8221;1em&#8221; price_font=&#8221;|600|||||||&#8221; price_font_size=&#8221;69px&#8221; sticky_transition=&#8221;on&#8221;]<\/p>\n<p>+ 15 Km<\/p>\n<p>+ 3-4 h<\/p>\n<p>\u00a0+ 1 diena<\/p>\n<p>[\/et_pb_pricing_table][et_pb_pricing_table title=&#8221;L\u012bgatne &#8211; Sigulda&#8221; currency=&#8221;\u20ac&#8221; sum=&#8221;40&#8243; bullet_color=&#8221;#000000&#8243; _builder_version=&#8221;4.7.4&#8243; _module_preset=&#8221;default&#8221; price_text_color=&#8221;#808080&#8243; header_font=&#8221;|600|||||||&#8221; body_font=&#8221;|600|||||||&#8221; body_font_size=&#8221;20px&#8221; body_line_height=&#8221;1em&#8221; price_font=&#8221;|600|||||||&#8221; price_font_size=&#8221;69px&#8221; sticky_transition=&#8221;on&#8221;]<\/p>\n<p>+ 25 Km<\/p>\n<p>+ 5-7 h<\/p>\n<p>+ 1 diena<\/p>\n<p>[\/et_pb_pricing_table][et_pb_pricing_table title=&#8221;C\u0113sis &#8211; Jaunz\u0101\u0123eri&#8221; currency=&#8221;\u20ac&#8221; sum=&#8221;40&#8243; bullet_color=&#8221;#000000&#8243; _builder_version=&#8221;4.7.4&#8243; _module_preset=&#8221;default&#8221; price_text_color=&#8221;#808080&#8243; header_font=&#8221;|600|||||||&#8221; body_font=&#8221;|600|||||||&#8221; body_font_size=&#8221;20px&#8221; body_line_height=&#8221;1em&#8221; price_font=&#8221;|600|||||||&#8221; price_font_size=&#8221;69px&#8221; sticky_transition=&#8221;on&#8221;]<\/p>\n<p>+ 30 Km<\/p>\n<p>+ 6-8 h<\/p>\n<p>+ 1 diena<\/p>\n<p>[\/et_pb_pricing_table][et_pb_pricing_table title=&#8221;C\u0113sis &#8211; Sigulda&#8221; currency=&#8221;\u20ac&#8221; sum=&#8221;50&#8243; bullet_color=&#8221;#000000&#8243; _builder_version=&#8221;4.7.4&#8243; _module_preset=&#8221;default&#8221; price_text_color=&#8221;#808080&#8243; header_font=&#8221;|600|||||||&#8221; body_font=&#8221;|600|||||||&#8221; body_font_size=&#8221;20px&#8221; body_line_height=&#8221;1em&#8221; price_font=&#8221;|600|||||||&#8221; price_font_size=&#8221;69px&#8221; sticky_transition=&#8221;on&#8221;]<\/p>\n<p>+40 Km<\/p>\n<p>+ 6-8 h<\/p>\n<p>+ 1 diena<\/p>\n<p>[\/et_pb_pricing_table][et_pb_pricing_table title=&#8221;no Braslas Tilta &#8211; Jaunz\u0101\u0123eri&#8221; currency=&#8221;\u20ac&#8221; sum=&#8221;40&#8243; bullet_color=&#8221;#000000&#8243; _builder_version=&#8221;4.7.4&#8243; _module_preset=&#8221;default&#8221; price_text_color=&#8221;#808080&#8243; header_font=&#8221;|600|||||||&#8221; body_font=&#8221;|600|||||||&#8221; body_font_size=&#8221;20px&#8221; body_line_height=&#8221;1em&#8221; price_font=&#8221;|600|||||||&#8221; price_font_size=&#8221;69px&#8221; sticky_transition=&#8221;on&#8221;]<\/p>\n<p>+ 15 Km<\/p>\n<p>+ 4-5 h<\/p>\n<p>+ 1 diena<\/p>\n<p>[\/et_pb_pricing_table][et_pb_pricing_table title=&#8221;no Braslas Tilta &#8211; Sigulda&#8221; currency=&#8221;\u20ac&#8221; sum=&#8221;50&#8243; bullet_color=&#8221;#000000&#8243; _builder_version=&#8221;4.7.4&#8243; _module_preset=&#8221;default&#8221; price_text_color=&#8221;#808080&#8243; header_font=&#8221;|600|||||||&#8221; body_font=&#8221;|600|||||||&#8221; body_font_size=&#8221;20px&#8221; body_line_height=&#8221;2.31em&#8221; price_font=&#8221;|600|||||||&#8221; price_font_size=&#8221;69px&#8221; sticky_transition=&#8221;on&#8221;]<\/p>\n<p>+ 30 Km<\/p>\n<p>+ 2 dienas<\/p>\n<p>[\/et_pb_pricing_table][\/et_pb_pricing_tables][\/et_pb_column][\/et_pb_row][et_pb_row _builder_version=&#8221;4.7.4&#8243; _module_preset=&#8221;default&#8221; min_height=&#8221;53.2px&#8221;][et_pb_column type=&#8221;4_4&#8243; _builder_version=&#8221;4.7.4&#8243; _module_preset=&#8221;default&#8221;][et_pb_text _builder_version=&#8221;4.7.4&#8243; _module_preset=&#8221;default&#8221;]<em>Cena ir nor\u0101d\u012bta par SUP d\u0113li un nepiecie\u0161amo invent\u0101ru. Veicot rezerv\u0101ciju par SUP d\u0113li, nepiecie\u0161ama <b>50 %<\/b> priek\u0161apmaksa. <\/em>[\/et_pb_text][\/et_pb_column][\/et_pb_row][et_pb_row column_structure=&#8221;1_2,1_2&#8243; _builder_version=&#8221;4.7.4&#8243; _module_preset=&#8221;default&#8221;][et_pb_column type=&#8221;1_2&#8243; _builder_version=&#8221;4.7.4&#8243; _module_preset=&#8221;default&#8221;][et_pb_image src=&#8221;https:\/\/www.jaunzageri.lv\/dev\/wp-content\/uploads\/2021\/03\/SUP_bilde_1-1.jpg&#8221; title_text=&#8221;SUP_bilde_1 (1)&#8221; _builder_version=&#8221;4.7.4&#8243; _module_preset=&#8221;default&#8221;][\/et_pb_image][\/et_pb_column][et_pb_column type=&#8221;1_2&#8243; _builder_version=&#8221;4.7.4&#8243; _module_preset=&#8221;default&#8221;][et_pb_blurb title=&#8221;Transports:&#8221; _builder_version=&#8221;4.7.4&#8243; header_level=&#8221;h5&#8243; header_font=&#8221;Raleway|700|||||||&#8221; header_font_size=&#8221;20px&#8221; header_line_height=&#8221;1.2em&#8221; body_font=&#8221;||||||||&#8221; body_line_height=&#8221;2em&#8221; custom_margin=&#8221;||10px|&#8221;]<\/p>\n<p>Ja tiek iz\u012br\u0113ts viens d\u0113lis (1 cilv\u0113ks), tad papildus transporta izdevumi 10 EUR.<br \/> Ja grupa p\u0101rsniedz 10 cilv\u0113kus, tad nepiecie\u0161ams veikt papildus transporta rezerv\u0113\u0161anu, kura izmaksas 150 EUR (16 vietu autobuss).<b><br \/> Izbrauk\u0161anas laiks iepriek\u0161 j\u0101saska\u0146o pa t\u0101lruni <a href=\"tel:+37122002033\">+371 220 020 33<\/a><\/b><\/p>\n<p><b><\/b><\/p>\n<p>[\/et_pb_blurb][et_pb_blurb title=&#8221;Invent\u0101rs:&#8221; _builder_version=&#8221;4.7.4&#8243; header_level=&#8221;h5&#8243; header_font=&#8221;Raleway|700|||||||&#8221; header_font_size=&#8221;20px&#8221; header_line_height=&#8221;1.2em&#8221; body_font=&#8221;||||||||&#8221; body_line_height=&#8221;2em&#8221; custom_margin=&#8221;||10px|&#8221;]<\/p>\n<p>Mums r\u016bp J\u016bsu dro\u0161\u012bba, t\u0101d\u0113\u013c gl\u0101b\u0161anas vestes dodam bezmaksas. Papildus \u016bdens necaurlaid\u012bg\u0101 maisa \u012bre (20 litri) <b>3 EUR<\/b>.<\/p>\n<p>[\/et_pb_blurb][\/et_pb_column][\/et_pb_row][et_pb_row _builder_version=&#8221;4.7.4&#8243; _module_preset=&#8221;default&#8221;][et_pb_column type=&#8221;4_4&#8243; _builder_version=&#8221;4.7.4&#8243; _module_preset=&#8221;default&#8221;][et_pb_text _builder_version=&#8221;4.7.4&#8243; _module_preset=&#8221;default&#8221;]<em>S\u012bk\u0101ku inform\u0101ciju par SUP d\u0113\u013cu rezerv\u0101ciju un mar\u0161rutiem l\u016bdzam veikt pa t\u0101lruni <a href=\"tel:+37122002033\"><b>+371 22002033<\/b><\/a> vai rakstot uz e-pastu <a href=\"mailto:info@jaunzageri.lv\"><b>info@jaunzageri.lv.<\/b><\/a><\/em>[\/et_pb_text][\/et_pb_column][\/et_pb_row][\/et_pb_section][et_pb_section fb_built=&#8221;1&#8243; admin_label=&#8221;Contact&#8221; _builder_version=&#8221;4.7.4&#8243; background_color=&#8221;#b2b9c4&#8243; use_background_color_gradient=&#8221;on&#8221; background_color_gradient_start=&#8221;rgba(255,255,255,0.56)&#8221; background_color_gradient_end=&#8221;rgba(178,185,196,0.98)&#8221; background_color_gradient_type=&#8221;radial&#8221; background_color_gradient_direction_radial=&#8221;top right&#8221; background_color_gradient_end_position=&#8221;77%&#8221; background_color_gradient_overlays_image=&#8221;on&#8221; background_image=&#8221;https:\/\/www.jaunzageri.lv\/wp-content\/uploads\/2021\/03\/IMG-3724-scaled.jpg&#8221; background_position=&#8221;bottom_center&#8221; custom_padding=&#8221;8vw|0px|8vw|0px|true|false&#8221; locked=&#8221;off&#8221;][et_pb_row _builder_version=&#8221;3.25&#8243; custom_margin=&#8221;|||&#8221;][et_pb_column type=&#8221;4_4&#8243; _builder_version=&#8221;3.25&#8243; custom_padding=&#8221;|||&#8221; custom_padding__hover=&#8221;|||&#8221;][et_pb_text _builder_version=&#8221;4.7.4&#8243; text_font=&#8221;||||||||&#8221; text_font_size=&#8221;16px&#8221; text_line_height=&#8221;2em&#8221; header_font=&#8221;||||||||&#8221; header_2_font=&#8221;Raleway|700|||||||&#8221; header_2_font_size=&#8221;50px&#8221; header_2_line_height=&#8221;1.2em&#8221; header_6_font=&#8221;Raleway|700||on|||||&#8221; header_6_font_size=&#8221;16px&#8221; header_6_letter_spacing=&#8221;5px&#8221; header_6_line_height=&#8221;1.8em&#8221; background_layout=&#8221;dark&#8221; max_width_tablet=&#8221;&#8221; max_width_phone=&#8221;&#8221; max_width_last_edited=&#8221;on|desktop&#8221; header_2_font_size_tablet=&#8221;35px&#8221; header_2_font_size_phone=&#8221;25px&#8221; header_2_font_size_last_edited=&#8221;on|phone&#8221;]<\/p>\n<h6>VIETA, KUR SAPL\u016aST CILV\u0112KS UN DABA!<\/h6>\n<h2>Jaunz\u0101\u0123eri<\/h2>\n<p>[\/et_pb_text][et_pb_button button_url=&#8221;?page_id=88&#8243; button_text=&#8221;Rezerv\u0113t&#8221; button_alignment=&#8221;center&#8221; _builder_version=&#8221;4.7.4&#8243; custom_button=&#8221;on&#8221; button_text_color=&#8221;#828c91&#8243; button_bg_color=&#8221;#ffffff&#8221; button_border_width=&#8221;10px&#8221; button_border_color=&#8221;rgba(0,0,0,0)&#8221; button_border_radius=&#8221;0px&#8221; button_font=&#8221;Raleway|700|||||||&#8221; button_border_radius_hover=&#8221;0px&#8221; locked=&#8221;off&#8221; button_text_size__hover_enabled=&#8221;off&#8221; button_one_text_size__hover_enabled=&#8221;off&#8221; button_two_text_size__hover_enabled=&#8221;off&#8221; button_text_color__hover_enabled=&#8221;off&#8221; button_one_text_color__hover_enabled=&#8221;off&#8221; button_two_text_color__hover_enabled=&#8221;off&#8221; button_border_width__hover_enabled=&#8221;off&#8221; button_one_border_width__hover_enabled=&#8221;off&#8221; button_two_border_width__hover_enabled=&#8221;off&#8221; button_border_color__hover_enabled=&#8221;off&#8221; button_one_border_color__hover_enabled=&#8221;off&#8221; button_two_border_color__hover_enabled=&#8221;off&#8221; button_border_radius__hover_enabled=&#8221;on&#8221; button_border_radius__hover=&#8221;0px&#8221; button_one_border_radius__hover_enabled=&#8221;off&#8221; button_two_border_radius__hover_enabled=&#8221;off&#8221; button_letter_spacing__hover_enabled=&#8221;off&#8221; button_one_letter_spacing__hover_enabled=&#8221;off&#8221; button_two_letter_spacing__hover_enabled=&#8221;off&#8221; button_bg_color__hover_enabled=&#8221;off&#8221; button_one_bg_color__hover_enabled=&#8221;off&#8221; button_two_bg_color__hover_enabled=&#8221;off&#8221;][\/et_pb_button][\/et_pb_column][\/et_pb_row][\/et_pb_section]<\/p>\n","protected":false},"excerpt":{"rendered":"<p>[et_pb_section fb_built=&#8221;1&#8243; admin_label=&#8221;Header&#8221; _builder_version=&#8221;4.7.4&#8243; use_background_color_gradient=&#8221;on&#8221; background_color_gradient_start=&#8221;rgba(255,255,255,0.89)&#8221; background_color_gradient_end=&#8221;rgba(255,255,255,0)&#8221; background_color_gradient_type=&#8221;radial&#8221; background_color_gradient_direction_radial=&#8221;top left&#8221; background_color_gradient_start_position=&#8221;30%&#8221; background_color_gradient_end_position=&#8221;80%&#8221; background_color_gradient_overlays_image=&#8221;on&#8221; background_image=&#8221;https:\/\/www.jaunzageri.lv\/wp-content\/uploads\/2021\/07\/20200805_072244_Original-scaled.jpeg&#8221; custom_margin=&#8221;|||&#8221; custom_padding=&#8221;8vw||8vw||true&#8221;][et_pb_row _builder_version=&#8221;3.25&#8243;][et_pb_column type=&#8221;4_4&#8243; _builder_version=&#8221;3.25&#8243; custom_padding=&#8221;|||&#8221; custom_padding__hover=&#8221;|||&#8221;][et_pb_text _builder_version=&#8221;4.7.4&#8243; text_font=&#8221;||||||||&#8221; header_font=&#8221;Raleway|700|||||||&#8221; header_font_size=&#8221;80px&#8221; header_line_height=&#8221;1.2em&#8221; header_5_font=&#8221;Raleway|700||on|||||&#8221; header_5_text_color=&#8221;#000000&#8243; header_5_font_size=&#8221;20px&#8221; header_5_letter_spacing=&#8221;0.5em&#8221; header_5_line_height=&#8221;1.8em&#8221; animation_style=&#8221;zoom&#8221; animation_intensity_zoom=&#8221;5%&#8221; header_font_size_tablet=&#8221;48px&#8221; header_font_size_phone=&#8221;32px&#8221; header_font_size_last_edited=&#8221;on|phone&#8221; header_5_font_size_tablet=&#8221;14px&#8221; header_5_font_size_phone=&#8221;12px&#8221; header_5_font_size_last_edited=&#8221;on|desktop&#8221;] SUP d\u0113\u013ci [\/et_pb_text][\/et_pb_column][\/et_pb_row][\/et_pb_section][et_pb_section fb_built=&#8221;1&#8243; admin_label=&#8221;About&#8221; _builder_version=&#8221;3.22&#8243;][et_pb_row custom_padding_last_edited=&#8221;on|desktop&#8221; _builder_version=&#8221;4.7.4&#8243; custom_padding=&#8221;27px|100px|27px|100px|false|false&#8221; custom_padding_tablet=&#8221;|0px||0px||true&#8221; custom_padding_phone=&#8221;&#8221;][et_pb_column type=&#8221;4_4&#8243; _builder_version=&#8221;3.25&#8243; custom_padding=&#8221;|||&#8221; custom_padding__hover=&#8221;|||&#8221;][et_pb_text _builder_version=&#8221;4.7.4&#8243; [&hellip;]<\/p>\n","protected":false},"author":1,"featured_media":0,"parent":0,"menu_order":0,"comment_status":"closed","ping_status":"closed","template":"","meta":{"_et_pb_use_builder":"on","_et_pb_old_content":"<!-- wp:divi\/placeholder \/-->","_et_gb_content_width":"","footnotes":""},"_links":{"self":[{"href":"https:\/\/www.jaunzageri.lv\/index.php?rest_route=\/wp\/v2\/pages\/189"}],"collection":[{"href":"https:\/\/www.jaunzageri.lv\/index.php?rest_route=\/wp\/v2\/pages"}],"about":[{"href":"https:\/\/www.jaunzageri.lv\/index.php?rest_route=\/wp\/v2\/types\/page"}],"author":[{"embeddable":true,"href":"https:\/\/www.jaunzageri.lv\/index.php?rest_route=\/wp\/v2\/users\/1"}],"replies":[{"embeddable":true,"href":"https:\/\/www.jaunzageri.lv\/index.php?rest_route=%2Fwp%2Fv2%2Fcomments&post=189"}],"version-history":[{"count":16,"href":"https:\/\/www.jaunzageri.lv\/index.php?rest_route=\/wp\/v2\/pages\/189\/revisions"}],"predecessor-version":[{"id":725,"href":"https:\/\/www.jaunzageri.lv\/index.php?rest_route=\/wp\/v2\/pages\/189\/revisions\/725"}],"wp:attachment":[{"href":"https:\/\/www.jaunzageri.lv\/index.php?rest_route=%2Fwp%2Fv2%2Fmedia&parent=189"}],"curies":[{"name":"wp","href":"https:\/\/api.w.org\/{rel}","templated":true}]}}